{"id":153,"date":"2024-05-30T13:16:21","date_gmt":"2024-05-30T11:16:21","guid":{"rendered":"https:\/\/serenite-constructions.fr\/?page_id=153"},"modified":"2024-09-08T23:36:11","modified_gmt":"2024-09-08T21:36:11","slug":"mentions-legales","status":"publish","type":"page","link":"https:\/\/serenite-constructions.fr\/?page_id=153","title":{"rendered":"MENTIONS LEGALES"},"content":{"rendered":"\t\t<div data-elementor-type=\"wp-page\" data-elementor-id=\"153\" class=\"elementor elementor-153\">\n\t\t\t\t<div class=\"elementor-element elementor-element-77a7426 e-flex e-con-boxed wpr-particle-no wpr-jarallax-no wpr-parallax-no wpr-sticky-section-no e-con e-parent\" data-id=\"77a7426\" data-element_type=\"container\" data-settings=\"{&quot;background_background&quot;:&quot;classic&quot;}\">\n\t\t\t\t\t<div class=\"e-con-inner\">\n\t\t\t\t<div class=\"elementor-element elementor-element-fae3bdd elementor-widget elementor-widget-text-editor\" data-id=\"fae3bdd\" data-element_type=\"widget\" data-widget_type=\"text-editor.default\">\n\t\t\t\t<div class=\"elementor-widget-container\">\n\t\t\t<style>\/*! elementor - v3.21.0 - 26-05-2024 *\/\n.elementor-widget-text-editor.elementor-drop-cap-view-stacked .elementor-drop-cap{background-color:#69727d;color:#fff}.elementor-widget-text-editor.elementor-drop-cap-view-framed .elementor-drop-cap{color:#69727d;border:3px solid;background-color:transparent}.elementor-widget-text-editor:not(.elementor-drop-cap-view-default) .elementor-drop-cap{margin-top:8px}.elementor-widget-text-editor:not(.elementor-drop-cap-view-default) .elementor-drop-cap-letter{width:1em;height:1em}.elementor-widget-text-editor .elementor-drop-cap{float:left;text-align:center;line-height:1;font-size:50px}.elementor-widget-text-editor .elementor-drop-cap-letter{display:inline-block}<\/style>\t\t\t\t<p align=\"left\"><span style=\"color: #000000;\"><span style=\"font-size: large;\"><strong><span style=\"font-family: Roboto, sans-serif;\"><b>MENTIONS LEGALES<\/b><\/span><\/strong><\/span><\/span><\/p><p><span style=\"color: #000000;\">\u00a0<\/span><\/p><p><span style=\"color: #000000;\"><strong><span style=\"font-family: Roboto, sans-serif;\"><span style=\"font-size: large;\"><b>Responsable de la publication :<\/b><\/span><\/span><\/strong><\/span><\/p><p><span style=\"color: #000000;\"><span style=\"font-family: Roboto, sans-serif;\"><span style=\"font-size: large;\">Kenan TOPAL, d\u00e9signer en tant que g\u00e9rant de l\u2019UERL SERENITE CONSTRUCTIONS, immatricul\u00e9 sous le num\u00e9ro SIRET 910 146 497 00011 et domicili\u00e9 au 12 bis rue de la Garotais.<\/span><\/span><\/span><\/p><p><span style=\"color: #000000;\"><span style=\"font-family: Roboto, sans-serif;\"><span style=\"font-size: large;\">H\u00e9bergement :<br \/>Le site serenite-constructions.fr est h\u00e9berg\u00e9 par OVH, dont le si\u00e8ge social est situ\u00e9 2 rue Kellermann &#8211; 59100 Roubaix &#8211; France<\/span><\/span><\/span><\/p><p><span style=\"color: #000000;\"><strong><span style=\"font-family: Roboto, sans-serif;\"><span style=\"font-size: large;\"><b>Propri\u00e9t\u00e9 intellectuelle :<\/b><\/span><\/span><\/strong><\/span><\/p><p><span style=\"color: #000000;\"><span style=\"font-family: Roboto, sans-serif;\"><span style=\"font-size: large;\">L\u2019ensemble des \u00e9l\u00e9ments du site serenite-constructions.fr, notamment les textes, les graphismes, les logos, les images, les vid\u00e9os, les sons, les ic\u00f4nes ainsi que leur mise en forme sont la propri\u00e9t\u00e9 exclusive de Kenan TOPAL, en sa qualit\u00e9 de g\u00e9rant, \u00e0 l\u2019exception des marques, logos ou contenus appartenant \u00e0 d\u2019autres soci\u00e9t\u00e9s partenaires ou auteurs.<br \/>Toute reproduction, distribution, modification, adaptation, retransmission ou publication, m\u00eame partielle, de ces diff\u00e9rents \u00e9l\u00e9ments est strictement interdite sans l\u2019accord expr\u00e8s par \u00e9crit de Kenan TOPAL.<\/span><\/span><\/span><\/p><p><span style=\"color: #000000;\"><strong><span style=\"font-family: Roboto, sans-serif;\"><span style=\"font-size: large;\"><b>Protection des donn\u00e9es personnelles :<br \/><\/b><\/span><\/span><\/strong><span style=\"font-family: Roboto, sans-serif;\"><span style=\"font-size: large;\"><br \/>Les donn\u00e9es personnelles recueillies sur le site <\/span><\/span><span style=\"font-family: Roboto, sans-serif;\"><span style=\"font-size: large;\">serenite-constructions.fr<\/span><\/span><span style=\"font-family: Roboto, sans-serif;\"><span style=\"font-size: large;\"> sont trait\u00e9es conform\u00e9ment \u00e0 la r\u00e9glementation en vigueur. Pour en savoir plus sur notre politique de confidentialit\u00e9, veuillez consulter la page d\u00e9di\u00e9e.<\/span><\/span><\/span><\/p><p><span style=\"color: #000000;\"><strong><span style=\"font-family: Roboto, sans-serif;\"><span style=\"font-size: large;\"><b>Liens hypertextes :<br \/><\/b><\/span><\/span><\/strong><span style=\"font-family: Roboto, sans-serif;\"><span style=\"font-size: large;\"><br \/>Le site <\/span><\/span><span style=\"font-family: Roboto, sans-serif;\"><span style=\"font-size: large;\">serenite-constructions.fr<\/span><\/span><span style=\"font-family: Roboto, sans-serif;\"><span style=\"font-size: large;\"> peut contenir des liens hypertextes vers d\u2019autres sites internet.<br \/><\/span><\/span><span style=\"font-family: Roboto, sans-serif;\"><span style=\"font-size: large;\">Kenan TOPAL<\/span><\/span><span style=\"font-family: Roboto, sans-serif;\"><span style=\"font-size: large;\">, en sa qualit\u00e9 d<\/span><\/span><span style=\"font-family: Roboto, sans-serif;\"><span style=\"font-size: large;\">e g\u00e9rant<\/span><\/span><span style=\"font-family: Roboto, sans-serif;\"><span style=\"font-size: large;\">, ne peut \u00eatre tenu responsable de la disponibilit\u00e9 ou du contenu de ces sites.<\/span><\/span><\/span><\/p><p><span style=\"color: #000000;\"><strong><span style=\"font-family: Roboto, sans-serif;\"><span style=\"font-size: large;\"><b>Limitation de responsabilit\u00e9 :<br \/><\/b><\/span><\/span><\/strong><span style=\"font-family: Roboto, sans-serif;\"><span style=\"font-size: large;\"><br \/><\/span><\/span><span style=\"font-family: Roboto, sans-serif;\"><span style=\"font-size: large;\">Kenan TOPAL<\/span><\/span><span style=\"font-family: Roboto, sans-serif;\"><span style=\"font-size: large;\">, en sa qualit\u00e9 d<\/span><\/span><span style=\"font-family: Roboto, sans-serif;\"><span style=\"font-size: large;\">e g\u00e9rant<\/span><\/span><span style=\"font-family: Roboto, sans-serif;\"><span style=\"font-size: large;\">, ne pourra \u00eatre tenu responsable des dommages directs et indirects caus\u00e9s au mat\u00e9riel de l\u2019utilisateur, lors de l\u2019acc\u00e8s au site <\/span><\/span><span style=\"font-family: Roboto, sans-serif;\"><span style=\"font-size: large;\">serenite-constructions.fr<\/span><\/span><span style=\"font-family: Roboto, sans-serif;\"><span style=\"font-size: large;\">, et r\u00e9sultant soit de l\u2019utilisation d\u2019un mat\u00e9riel ne r\u00e9pondant pas aux sp\u00e9cifications, soit de l\u2019apparition d\u2019un bug ou d\u2019une incompatibilit\u00e9.<\/span><\/span><\/span><\/p><p><span style=\"color: #000000;\"><strong><span style=\"font-family: Roboto, sans-serif;\"><span style=\"font-size: large;\"><b>Droit applicable et attribution de juridiction :<\/b><\/span><\/span><\/strong><\/span><\/p><p><span style=\"color: #000000;\"><span style=\"font-family: Roboto, sans-serif;\"><span style=\"font-size: large;\">Tout litige en relation avec l\u2019utilisation du site serenite-constructions.fr est soumis au droit fran\u00e7ais.<br \/>En dehors des cas o\u00f9 la loi ne le permet pas, il est fait attribution exclusive de juridiction aux tribunaux comp\u00e9tents de Nantes.<\/span><\/span><\/span><\/p><p align=\"left\">\u00a0<\/p>\t\t\t\t\t\t<\/div>\n\t\t\t\t<\/div>\n\t\t\t\t\t<\/div>\n\t\t\t\t<\/div>\n\t\t\t\t<\/div>\n\t\t","protected":false},"excerpt":{"rendered":"<p>MENTIONS LEGALES \u00a0 Responsable de la publication : Kenan TOPAL, d\u00e9signer en tant que g\u00e9rant de l\u2019UERL SERENITE CONSTRUCTIONS, immatricul\u00e9 [&hellip;]<\/p>\n","protected":false},"author":1,"featured_media":0,"parent":0,"menu_order":0,"comment_status":"closed","ping_status":"closed","template":"","meta":{"site-sidebar-layout":"no-sidebar","site-content-layout":"","ast-site-content-layout":"full-width-container","site-content-style":"default","site-sidebar-style":"default","ast-global-header-display":"","ast-banner-title-visibility":"","ast-main-header-display":"","ast-hfb-above-header-display":"","ast-hfb-below-header-display":"","ast-hfb-mobile-header-display":"","site-post-title":"disabled","ast-breadcrumbs-content":"","ast-featured-img":"disabled","footer-sml-layout":"","theme-transparent-header-meta":"","adv-header-id-meta":"","stick-header-meta":"","header-above-stick-meta":"","header-main-stick-meta":"","header-below-stick-meta":"","astra-migrate-meta-layouts":"default","ast-page-background-enabled":"default","ast-page-background-meta":{"desktop":{"background-color":"var(--ast-global-color-4)","background-image":"","background-repeat":"repeat","background-position":"center center","background-size":"auto","background-attachment":"scroll","background-type":"","background-media":"","overlay-type":"","overlay-color":"","overlay-opacity":"","overlay-gradient":""},"tablet":{"background-color":"","background-image":"","background-repeat":"repeat","background-position":"center center","background-size":"auto","background-attachment":"scroll","background-type":"","background-media":"","overlay-type":"","overlay-color":"","overlay-opacity":"","overlay-gradient":""},"mobile":{"background-color":"","background-image":"","background-repeat":"repeat","background-position":"center center","background-size":"auto","background-attachment":"scroll","background-type":"","background-media":"","overlay-type":"","overlay-color":"","overlay-opacity":"","overlay-gradient":""}},"ast-content-background-meta":{"desktop":{"background-color":"var(--ast-global-color-5)","background-image":"","background-repeat":"repeat","background-position":"center center","background-size":"auto","background-attachment":"scroll","background-type":"","background-media":"","overlay-type":"","overlay-color":"","overlay-opacity":"","overlay-gradient":""},"tablet":{"background-color":"var(--ast-global-color-5)","background-image":"","background-repeat":"repeat","background-position":"center center","background-size":"auto","background-attachment":"scroll","background-type":"","background-media":"","overlay-type":"","overlay-color":"","overlay-opacity":"","overlay-gradient":""},"mobile":{"background-color":"var(--ast-global-color-5)","background-image":"","background-repeat":"repeat","background-position":"center center","background-size":"auto","background-attachment":"scroll","background-type":"","background-media":"","overlay-type":"","overlay-color":"","overlay-opacity":"","overlay-gradient":""}},"footnotes":""},"class_list":["post-153","page","type-page","status-publish","hentry"],"yoast_head":"<!-- This site is optimized with the Yoast SEO plugin v23.4 - https:\/\/yoast.com\/wordpress\/plugins\/seo\/ -->\n<title>MENTIONS LEGALES - serenite-constructions<\/title>\n<meta name=\"robots\" content=\"index, follow, max-snippet:-1, max-image-preview:large, max-video-preview:-1\" \/>\n<link rel=\"canonical\" href=\"https:\/\/serenite-constructions.fr\/?page_id=153\" \/>\n<meta property=\"og:locale\" content=\"fr_FR\" \/>\n<meta property=\"og:type\" content=\"article\" \/>\n<meta property=\"og:title\" content=\"MENTIONS LEGALES - serenite-constructions\" \/>\n<meta property=\"og:description\" content=\"MENTIONS LEGALES \u00a0 Responsable de la publication : Kenan TOPAL, d\u00e9signer en tant que g\u00e9rant de l\u2019UERL SERENITE CONSTRUCTIONS, immatricul\u00e9 [&hellip;]\" \/>\n<meta property=\"og:url\" content=\"https:\/\/serenite-constructions.fr\/?page_id=153\" \/>\n<meta property=\"og:site_name\" content=\"serenite-constructions\" \/>\n<meta property=\"article:modified_time\" content=\"2024-09-08T21:36:11+00:00\" \/>\n<meta name=\"twitter:card\" content=\"summary_large_image\" \/>\n<meta name=\"twitter:label1\" content=\"Dur\u00e9e de lecture estim\u00e9e\" \/>\n\t<meta name=\"twitter:data1\" content=\"2 minutes\" \/>\n<script type=\"application\/ld+json\" class=\"yoast-schema-graph\">{\"@context\":\"https:\/\/schema.org\",\"@graph\":[{\"@type\":\"WebPage\",\"@id\":\"https:\/\/serenite-constructions.fr\/?page_id=153\",\"url\":\"https:\/\/serenite-constructions.fr\/?page_id=153\",\"name\":\"MENTIONS LEGALES - serenite-constructions\",\"isPartOf\":{\"@id\":\"https:\/\/serenite-constructions.fr\/#website\"},\"datePublished\":\"2024-05-30T11:16:21+00:00\",\"dateModified\":\"2024-09-08T21:36:11+00:00\",\"breadcrumb\":{\"@id\":\"https:\/\/serenite-constructions.fr\/?page_id=153#breadcrumb\"},\"inLanguage\":\"fr-FR\",\"potentialAction\":[{\"@type\":\"ReadAction\",\"target\":[\"https:\/\/serenite-constructions.fr\/?page_id=153\"]}]},{\"@type\":\"BreadcrumbList\",\"@id\":\"https:\/\/serenite-constructions.fr\/?page_id=153#breadcrumb\",\"itemListElement\":[{\"@type\":\"ListItem\",\"position\":1,\"name\":\"Accueil\",\"item\":\"https:\/\/serenite-constructions.fr\/\"},{\"@type\":\"ListItem\",\"position\":2,\"name\":\"MENTIONS LEGALES\"}]},{\"@type\":\"WebSite\",\"@id\":\"https:\/\/serenite-constructions.fr\/#website\",\"url\":\"https:\/\/serenite-constructions.fr\/\",\"name\":\"serenite-constructions\",\"description\":\"\",\"potentialAction\":[{\"@type\":\"SearchAction\",\"target\":{\"@type\":\"EntryPoint\",\"urlTemplate\":\"https:\/\/serenite-constructions.fr\/?s={search_term_string}\"},\"query-input\":{\"@type\":\"PropertyValueSpecification\",\"valueRequired\":true,\"valueName\":\"search_term_string\"}}],\"inLanguage\":\"fr-FR\"}]}<\/script>\n<!-- \/ Yoast SEO plugin. -->","yoast_head_json":{"title":"MENTIONS LEGALES - serenite-constructions","robots":{"index":"index","follow":"follow","max-snippet":"max-snippet:-1","max-image-preview":"max-image-preview:large","max-video-preview":"max-video-preview:-1"},"canonical":"https:\/\/serenite-constructions.fr\/?page_id=153","og_locale":"fr_FR","og_type":"article","og_title":"MENTIONS LEGALES - serenite-constructions","og_description":"MENTIONS LEGALES \u00a0 Responsable de la publication : Kenan TOPAL, d\u00e9signer en tant que g\u00e9rant de l\u2019UERL SERENITE CONSTRUCTIONS, immatricul\u00e9 [&hellip;]","og_url":"https:\/\/serenite-constructions.fr\/?page_id=153","og_site_name":"serenite-constructions","article_modified_time":"2024-09-08T21:36:11+00:00","twitter_card":"summary_large_image","twitter_misc":{"Dur\u00e9e de lecture estim\u00e9e":"2 minutes"},"schema":{"@context":"https:\/\/schema.org","@graph":[{"@type":"WebPage","@id":"https:\/\/serenite-constructions.fr\/?page_id=153","url":"https:\/\/serenite-constructions.fr\/?page_id=153","name":"MENTIONS LEGALES - serenite-constructions","isPartOf":{"@id":"https:\/\/serenite-constructions.fr\/#website"},"datePublished":"2024-05-30T11:16:21+00:00","dateModified":"2024-09-08T21:36:11+00:00","breadcrumb":{"@id":"https:\/\/serenite-constructions.fr\/?page_id=153#breadcrumb"},"inLanguage":"fr-FR","potentialAction":[{"@type":"ReadAction","target":["https:\/\/serenite-constructions.fr\/?page_id=153"]}]},{"@type":"BreadcrumbList","@id":"https:\/\/serenite-constructions.fr\/?page_id=153#breadcrumb","itemListElement":[{"@type":"ListItem","position":1,"name":"Accueil","item":"https:\/\/serenite-constructions.fr\/"},{"@type":"ListItem","position":2,"name":"MENTIONS LEGALES"}]},{"@type":"WebSite","@id":"https:\/\/serenite-constructions.fr\/#website","url":"https:\/\/serenite-constructions.fr\/","name":"serenite-constructions","description":"","potentialAction":[{"@type":"SearchAction","target":{"@type":"EntryPoint","urlTemplate":"https:\/\/serenite-constructions.fr\/?s={search_term_string}"},"query-input":{"@type":"PropertyValueSpecification","valueRequired":true,"valueName":"search_term_string"}}],"inLanguage":"fr-FR"}]}},"_links":{"self":[{"href":"https:\/\/serenite-constructions.fr\/index.php?rest_route=\/wp\/v2\/pages\/153","targetHints":{"allow":["GET"]}}],"collection":[{"href":"https:\/\/serenite-constructions.fr\/index.php?rest_route=\/wp\/v2\/pages"}],"about":[{"href":"https:\/\/serenite-constructions.fr\/index.php?rest_route=\/wp\/v2\/types\/page"}],"author":[{"embeddable":true,"href":"https:\/\/serenite-constructions.fr\/index.php?rest_route=\/wp\/v2\/users\/1"}],"replies":[{"embeddable":true,"href":"https:\/\/serenite-constructions.fr\/index.php?rest_route=%2Fwp%2Fv2%2Fcomments&post=153"}],"version-history":[{"count":13,"href":"https:\/\/serenite-constructions.fr\/index.php?rest_route=\/wp\/v2\/pages\/153\/revisions"}],"predecessor-version":[{"id":1960,"href":"https:\/\/serenite-constructions.fr\/index.php?rest_route=\/wp\/v2\/pages\/153\/revisions\/1960"}],"wp:attachment":[{"href":"https:\/\/serenite-constructions.fr\/index.php?rest_route=%2Fwp%2Fv2%2Fmedia&parent=153"}],"curies":[{"name":"wp","href":"https:\/\/api.w.org\/{rel}","templated":true}]}}