{"id":150,"date":"2024-05-30T13:15:48","date_gmt":"2024-05-30T11:15:48","guid":{"rendered":"https:\/\/serenite-constructions.fr\/?page_id=150"},"modified":"2024-09-08T23:37:24","modified_gmt":"2024-09-08T21:37:24","slug":"politiques-de-confidentialite","status":"publish","type":"page","link":"https:\/\/serenite-constructions.fr\/?page_id=150","title":{"rendered":"POLITIQUES DE CONFIDENTIALITE"},"content":{"rendered":"\t\t<div data-elementor-type=\"wp-page\" data-elementor-id=\"150\" class=\"elementor elementor-150\">\n\t\t\t\t<div class=\"elementor-element elementor-element-15edc6a e-flex e-con-boxed wpr-particle-no wpr-jarallax-no wpr-parallax-no wpr-sticky-section-no e-con e-parent\" data-id=\"15edc6a\" data-element_type=\"container\" data-settings=\"{&quot;background_background&quot;:&quot;classic&quot;}\">\n\t\t\t\t\t<div class=\"e-con-inner\">\n\t\t\t\t<div class=\"elementor-element elementor-element-8ba24fc elementor-widget elementor-widget-text-editor\" data-id=\"8ba24fc\" data-element_type=\"widget\" data-widget_type=\"text-editor.default\">\n\t\t\t\t<div class=\"elementor-widget-container\">\n\t\t\t<style>\/*! elementor - v3.21.0 - 26-05-2024 *\/\n.elementor-widget-text-editor.elementor-drop-cap-view-stacked .elementor-drop-cap{background-color:#69727d;color:#fff}.elementor-widget-text-editor.elementor-drop-cap-view-framed .elementor-drop-cap{color:#69727d;border:3px solid;background-color:transparent}.elementor-widget-text-editor:not(.elementor-drop-cap-view-default) .elementor-drop-cap{margin-top:8px}.elementor-widget-text-editor:not(.elementor-drop-cap-view-default) .elementor-drop-cap-letter{width:1em;height:1em}.elementor-widget-text-editor .elementor-drop-cap{float:left;text-align:center;line-height:1;font-size:50px}.elementor-widget-text-editor .elementor-drop-cap-letter{display:inline-block}<\/style>\t\t\t\t<p><span style=\"color: #000000;\"><span style=\"font-family: Roboto, sans-serif;\"><span style=\"font-size: small;\"><span style=\"font-size: large;\">serenite-constructions.fr oeuvre pour la protection des donn\u00e9es des utilisateurs. Cette politique de confidentialit\u00e9 d\u00e9crit la fa\u00e7on dont nous recueillons, utilisons et prot\u00e9geons les informations que vous nous fournissez.<\/span><\/span><\/span><\/span><\/p><p><span style=\"color: #000000;\"><span style=\"font-family: Roboto, sans-serif;\"><span style=\"font-size: large;\"><br \/><strong>COLLECTE DE L\u2019INFORMATION<\/strong><\/span><\/span><\/span><\/p><p><span style=\"color: #000000;\"><span style=\"font-family: Roboto, sans-serif;\"><span style=\"font-size: large;\"><br \/>serenite-constructions.fr collecte des informations lorsque vous remplissez un formulaire de contact ou lorsque vous nous envoyez un e-mail. Les informations que le site collectent comprennent votre nom, votre adresse e-mail et toute autre information que vous choisissez de nous fournir.<\/span><\/span><\/span><\/p><p><span style=\"color: #000000;\"><span style=\"font-family: Roboto, sans-serif;\"><span style=\"font-size: large;\"><br \/><strong>UTILISATION DES INFORMATIONS<\/strong><\/span><\/span><\/span><\/p><p><span style=\"color: #000000;\"><span style=\"font-family: Roboto, sans-serif;\"><span style=\"font-size: large;\"><br \/>Toutes les informations que serenite-constructions.fr collecte aupr\u00e8s de vous peuvent \u00eatre utilis\u00e9es pour :<br \/>Vous contacter par e-mail ou par t\u00e9l\u00e9phone<br \/>Am\u00e9liorer notre site Web et notre service client<br \/>Administrer un concours, une promotion, une enqu\u00eate ou une autre fonctionnalit\u00e9 du site<\/span><\/span><\/span><\/p><p><span style=\"color: #000000;\"><span style=\"font-family: Roboto, sans-serif;\"><span style=\"font-size: large;\"><br \/><strong>PROTECTION DES INFORMATIONS<\/strong><\/span><\/span><\/span><\/p><p><span style=\"color: #000000;\"><span style=\"font-family: Roboto, sans-serif;\"><span style=\"font-size: large;\"><br \/>serenite-constructions.fr met en \u0153uvre une vari\u00e9t\u00e9 de mesures de s\u00e9curit\u00e9 pour pr\u00e9server la s\u00e9curit\u00e9 de vos informations personnelles. Nous utilisons des protocoles de s\u00e9curit\u00e9 standard pour prot\u00e9ger les informations que vous nous fournissez.<\/span><\/span><\/span><\/p><p><span style=\"color: #000000;\"><span style=\"font-family: Roboto, sans-serif;\"><span style=\"font-size: large;\"><br \/><strong>DIVULGATION \u00c0 DES TIERS<\/strong><\/span><\/span><\/span><\/p><p><span style=\"color: #000000;\"><span style=\"font-family: Roboto, sans-serif;\"><span style=\"font-size: large;\"><br \/>serenite-constructions.fr ne vent, n\u2019\u00e9change et ne transfert vos informations personnelles \u00e0 des tiers. Cela ne s\u2019applique pas aux tiers de confiance qui nous aident \u00e0 exploiter notre site Web ou \u00e0 mener nos affaires, tant que ces parties conviennent de garder ces informations confidentielles.<\/span><\/span><\/span><\/p><p><span style=\"color: #000000;\"><span style=\"font-family: Roboto, sans-serif;\"><span style=\"font-size: large;\"><br \/><strong>UTILISATION DE COOKIES<\/strong><\/span><\/span><\/span><\/p><p><span style=\"color: #000000;\"><span style=\"font-family: Roboto, sans-serif;\"><span style=\"font-size: large;\"><br \/>Le site utilise des cookies pour suivre votre utilisation de notre site Web. Les cookies sont de petits fichiers que le site transf\u00e8re sur votre ordinateur pour permettre \u00e0 notre syst\u00e8me de reconna\u00eetre votre navigateur et de vous fournir des fonctionnalit\u00e9s telles que la personnalisation de votre exp\u00e9rience sur notre site Web.<\/span><\/span><\/span><\/p><p><span style=\"color: #000000;\"><span style=\"font-family: Roboto, sans-serif;\"><span style=\"font-size: large;\"><br \/><strong>CONSENTEMENT<\/strong><\/span><\/span><\/span><\/p><p><span style=\"color: #000000;\"><span style=\"font-family: Roboto, sans-serif;\"><span style=\"font-size: large;\"><br \/>En utilisant le site serenite-constructions.fr, vous consentez \u00e0 notre politique de confidentialit\u00e9.<\/span><\/span><\/span><\/p><p><span style=\"color: #000000;\"><span style=\"font-family: Roboto, sans-serif;\"><span style=\"font-size: large;\"><br \/><strong>MODIFICATION DE LA POLITIQUE DE CONFIDENTIALIT\u00c9<\/strong><\/span><\/span><\/span><\/p><p><span style=\"color: #000000;\"><span style=\"font-family: Roboto, sans-serif;\"><span style=\"font-size: large;\"><br \/>Si serenite-constructions.fr d\u00e9cide de modifier sa politique de confidentialit\u00e9, il publiera ces modifications sur cette page. Si vous avez des questions concernant cette politique de confidentialit\u00e9, vous pouvez nous contacter \u00e0 l\u2019adresse suivante : contact@serenite-constructions,fr.<\/span><\/span><\/span><\/p><p align=\"left\"><br \/><br \/><\/p><p align=\"left\"><br \/><br \/><\/p>\t\t\t\t\t\t<\/div>\n\t\t\t\t<\/div>\n\t\t\t\t\t<\/div>\n\t\t\t\t<\/div>\n\t\t\t\t<\/div>\n\t\t","protected":false},"excerpt":{"rendered":"<p>serenite-constructions.fr oeuvre pour la protection des donn\u00e9es des utilisateurs. Cette politique de confidentialit\u00e9 d\u00e9crit la fa\u00e7on dont nous recueillons, utilisons [&hellip;]<\/p>\n","protected":false},"author":1,"featured_media":0,"parent":0,"menu_order":0,"comment_status":"closed","ping_status":"closed","template":"","meta":{"site-sidebar-layout":"default","site-content-layout":"","ast-site-content-layout":"","site-content-style":"default","site-sidebar-style":"default","ast-global-header-display":"","ast-banner-title-visibility":"","ast-main-header-display":"","ast-hfb-above-header-display":"","ast-hfb-below-header-display":"","ast-hfb-mobile-header-display":"","site-post-title":"","ast-breadcrumbs-content":"","ast-featured-img":"","footer-sml-layout":"","theme-transparent-header-meta":"","adv-header-id-meta":"","stick-header-meta":"","header-above-stick-meta":"","header-main-stick-meta":"","header-below-stick-meta":"","astra-migrate-meta-layouts":"default","ast-page-background-enabled":"default","ast-page-background-meta":{"desktop":{"background-color":"var(--ast-global-color-4)","background-image":"","background-repeat":"repeat","background-position":"center center","background-size":"auto","background-attachment":"scroll","background-type":"","background-media":"","overlay-type":"","overlay-color":"","overlay-opacity":"","overlay-gradient":""},"tablet":{"background-color":"","background-image":"","background-repeat":"repeat","background-position":"center center","background-size":"auto","background-attachment":"scroll","background-type":"","background-media":"","overlay-type":"","overlay-color":"","overlay-opacity":"","overlay-gradient":""},"mobile":{"background-color":"","background-image":"","background-repeat":"repeat","background-position":"center center","background-size":"auto","background-attachment":"scroll","background-type":"","background-media":"","overlay-type":"","overlay-color":"","overlay-opacity":"","overlay-gradient":""}},"ast-content-background-meta":{"desktop":{"background-color":"var(--ast-global-color-5)","background-image":"","background-repeat":"repeat","background-position":"center center","background-size":"auto","background-attachment":"scroll","background-type":"","background-media":"","overlay-type":"","overlay-color":"","overlay-opacity":"","overlay-gradient":""},"tablet":{"background-color":"var(--ast-global-color-5)","background-image":"","background-repeat":"repeat","background-position":"center center","background-size":"auto","background-attachment":"scroll","background-type":"","background-media":"","overlay-type":"","overlay-color":"","overlay-opacity":"","overlay-gradient":""},"mobile":{"background-color":"var(--ast-global-color-5)","background-image":"","background-repeat":"repeat","background-position":"center center","background-size":"auto","background-attachment":"scroll","background-type":"","background-media":"","overlay-type":"","overlay-color":"","overlay-opacity":"","overlay-gradient":""}},"footnotes":""},"class_list":["post-150","page","type-page","status-publish","hentry"],"yoast_head":"<!-- This site is optimized with the Yoast SEO plugin v23.4 - https:\/\/yoast.com\/wordpress\/plugins\/seo\/ -->\n<title>POLITIQUES DE CONFIDENTIALITE - serenite-constructions<\/title>\n<meta name=\"robots\" content=\"index, follow, max-snippet:-1, max-image-preview:large, max-video-preview:-1\" \/>\n<link rel=\"canonical\" href=\"https:\/\/serenite-constructions.fr\/?page_id=150\" \/>\n<meta property=\"og:locale\" content=\"fr_FR\" \/>\n<meta property=\"og:type\" content=\"article\" \/>\n<meta property=\"og:title\" content=\"POLITIQUES DE CONFIDENTIALITE - serenite-constructions\" \/>\n<meta property=\"og:description\" content=\"serenite-constructions.fr oeuvre pour la protection des donn\u00e9es des utilisateurs. Cette politique de confidentialit\u00e9 d\u00e9crit la fa\u00e7on dont nous recueillons, utilisons [&hellip;]\" \/>\n<meta property=\"og:url\" content=\"https:\/\/serenite-constructions.fr\/?page_id=150\" \/>\n<meta property=\"og:site_name\" content=\"serenite-constructions\" \/>\n<meta property=\"article:modified_time\" content=\"2024-09-08T21:37:24+00:00\" \/>\n<meta name=\"twitter:card\" content=\"summary_large_image\" \/>\n<meta name=\"twitter:label1\" content=\"Dur\u00e9e de lecture estim\u00e9e\" \/>\n\t<meta name=\"twitter:data1\" content=\"2 minutes\" \/>\n<script type=\"application\/ld+json\" class=\"yoast-schema-graph\">{\"@context\":\"https:\/\/schema.org\",\"@graph\":[{\"@type\":\"WebPage\",\"@id\":\"https:\/\/serenite-constructions.fr\/?page_id=150\",\"url\":\"https:\/\/serenite-constructions.fr\/?page_id=150\",\"name\":\"POLITIQUES DE CONFIDENTIALITE - serenite-constructions\",\"isPartOf\":{\"@id\":\"https:\/\/serenite-constructions.fr\/#website\"},\"datePublished\":\"2024-05-30T11:15:48+00:00\",\"dateModified\":\"2024-09-08T21:37:24+00:00\",\"breadcrumb\":{\"@id\":\"https:\/\/serenite-constructions.fr\/?page_id=150#breadcrumb\"},\"inLanguage\":\"fr-FR\",\"potentialAction\":[{\"@type\":\"ReadAction\",\"target\":[\"https:\/\/serenite-constructions.fr\/?page_id=150\"]}]},{\"@type\":\"BreadcrumbList\",\"@id\":\"https:\/\/serenite-constructions.fr\/?page_id=150#breadcrumb\",\"itemListElement\":[{\"@type\":\"ListItem\",\"position\":1,\"name\":\"Accueil\",\"item\":\"https:\/\/serenite-constructions.fr\/\"},{\"@type\":\"ListItem\",\"position\":2,\"name\":\"POLITIQUES DE CONFIDENTIALITE\"}]},{\"@type\":\"WebSite\",\"@id\":\"https:\/\/serenite-constructions.fr\/#website\",\"url\":\"https:\/\/serenite-constructions.fr\/\",\"name\":\"serenite-constructions\",\"description\":\"\",\"potentialAction\":[{\"@type\":\"SearchAction\",\"target\":{\"@type\":\"EntryPoint\",\"urlTemplate\":\"https:\/\/serenite-constructions.fr\/?s={search_term_string}\"},\"query-input\":{\"@type\":\"PropertyValueSpecification\",\"valueRequired\":true,\"valueName\":\"search_term_string\"}}],\"inLanguage\":\"fr-FR\"}]}<\/script>\n<!-- \/ Yoast SEO plugin. -->","yoast_head_json":{"title":"POLITIQUES DE CONFIDENTIALITE - serenite-constructions","robots":{"index":"index","follow":"follow","max-snippet":"max-snippet:-1","max-image-preview":"max-image-preview:large","max-video-preview":"max-video-preview:-1"},"canonical":"https:\/\/serenite-constructions.fr\/?page_id=150","og_locale":"fr_FR","og_type":"article","og_title":"POLITIQUES DE CONFIDENTIALITE - serenite-constructions","og_description":"serenite-constructions.fr oeuvre pour la protection des donn\u00e9es des utilisateurs. Cette politique de confidentialit\u00e9 d\u00e9crit la fa\u00e7on dont nous recueillons, utilisons [&hellip;]","og_url":"https:\/\/serenite-constructions.fr\/?page_id=150","og_site_name":"serenite-constructions","article_modified_time":"2024-09-08T21:37:24+00:00","twitter_card":"summary_large_image","twitter_misc":{"Dur\u00e9e de lecture estim\u00e9e":"2 minutes"},"schema":{"@context":"https:\/\/schema.org","@graph":[{"@type":"WebPage","@id":"https:\/\/serenite-constructions.fr\/?page_id=150","url":"https:\/\/serenite-constructions.fr\/?page_id=150","name":"POLITIQUES DE CONFIDENTIALITE - serenite-constructions","isPartOf":{"@id":"https:\/\/serenite-constructions.fr\/#website"},"datePublished":"2024-05-30T11:15:48+00:00","dateModified":"2024-09-08T21:37:24+00:00","breadcrumb":{"@id":"https:\/\/serenite-constructions.fr\/?page_id=150#breadcrumb"},"inLanguage":"fr-FR","potentialAction":[{"@type":"ReadAction","target":["https:\/\/serenite-constructions.fr\/?page_id=150"]}]},{"@type":"BreadcrumbList","@id":"https:\/\/serenite-constructions.fr\/?page_id=150#breadcrumb","itemListElement":[{"@type":"ListItem","position":1,"name":"Accueil","item":"https:\/\/serenite-constructions.fr\/"},{"@type":"ListItem","position":2,"name":"POLITIQUES DE CONFIDENTIALITE"}]},{"@type":"WebSite","@id":"https:\/\/serenite-constructions.fr\/#website","url":"https:\/\/serenite-constructions.fr\/","name":"serenite-constructions","description":"","potentialAction":[{"@type":"SearchAction","target":{"@type":"EntryPoint","urlTemplate":"https:\/\/serenite-constructions.fr\/?s={search_term_string}"},"query-input":{"@type":"PropertyValueSpecification","valueRequired":true,"valueName":"search_term_string"}}],"inLanguage":"fr-FR"}]}},"_links":{"self":[{"href":"https:\/\/serenite-constructions.fr\/index.php?rest_route=\/wp\/v2\/pages\/150","targetHints":{"allow":["GET"]}}],"collection":[{"href":"https:\/\/serenite-constructions.fr\/index.php?rest_route=\/wp\/v2\/pages"}],"about":[{"href":"https:\/\/serenite-constructions.fr\/index.php?rest_route=\/wp\/v2\/types\/page"}],"author":[{"embeddable":true,"href":"https:\/\/serenite-constructions.fr\/index.php?rest_route=\/wp\/v2\/users\/1"}],"replies":[{"embeddable":true,"href":"https:\/\/serenite-constructions.fr\/index.php?rest_route=%2Fwp%2Fv2%2Fcomments&post=150"}],"version-history":[{"count":16,"href":"https:\/\/serenite-constructions.fr\/index.php?rest_route=\/wp\/v2\/pages\/150\/revisions"}],"predecessor-version":[{"id":1963,"href":"https:\/\/serenite-constructions.fr\/index.php?rest_route=\/wp\/v2\/pages\/150\/revisions\/1963"}],"wp:attachment":[{"href":"https:\/\/serenite-constructions.fr\/index.php?rest_route=%2Fwp%2Fv2%2Fmedia&parent=150"}],"curies":[{"name":"wp","href":"https:\/\/api.w.org\/{rel}","templated":true}]}}