{"id":141,"date":"2024-05-30T13:14:12","date_gmt":"2024-05-30T11:14:12","guid":{"rendered":"https:\/\/serenite-constructions.fr\/?page_id=141"},"modified":"2024-10-03T10:16:33","modified_gmt":"2024-10-03T08:16:33","slug":"amenagements-exterieurs","status":"publish","type":"page","link":"https:\/\/serenite-constructions.fr\/?page_id=141","title":{"rendered":"AMENAGEMENTS EXTERIEURS"},"content":{"rendered":"\t\t<div data-elementor-type=\"wp-page\" data-elementor-id=\"141\" class=\"elementor elementor-141\">\n\t\t\t\t<div class=\"elementor-element elementor-element-25326150 animated-slow e-flex e-con-boxed wpr-particle-no wpr-jarallax-no wpr-parallax-no wpr-sticky-section-no elementor-invisible e-con e-parent\" data-id=\"25326150\" data-element_type=\"container\" data-settings=\"{&quot;background_background&quot;:&quot;classic&quot;,&quot;animation&quot;:&quot;fadeIn&quot;}\">\n\t\t\t\t\t<div class=\"e-con-inner\">\n\t\t\t\t<div class=\"elementor-element elementor-element-74e0e373 elementor-invisible elementor-widget elementor-widget-heading\" data-id=\"74e0e373\" data-element_type=\"widget\" data-settings=\"{&quot;_animation&quot;:&quot;fadeIn&quot;,&quot;_animation_delay&quot;:300}\" data-widget_type=\"heading.default\">\n\t\t\t\t<div class=\"elementor-widget-container\">\n\t\t\t<style>\/*! elementor - v3.21.0 - 26-05-2024 *\/\n.elementor-heading-title{padding:0;margin:0;line-height:1}.elementor-widget-heading .elementor-heading-title[class*=elementor-size-]>a{color:inherit;font-size:inherit;line-height:inherit}.elementor-widget-heading .elementor-heading-title.elementor-size-small{font-size:15px}.elementor-widget-heading .elementor-heading-title.elementor-size-medium{font-size:19px}.elementor-widget-heading .elementor-heading-title.elementor-size-large{font-size:29px}.elementor-widget-heading .elementor-heading-title.elementor-size-xl{font-size:39px}.elementor-widget-heading .elementor-heading-title.elementor-size-xxl{font-size:59px}<\/style><h2 class=\"elementor-heading-title elementor-size-default\">AMENAGEMENTS EXTERIEURS<\/h2>\t\t<\/div>\n\t\t\t\t<\/div>\n\t\t\t\t<div class=\"elementor-element elementor-element-e33f7f1 elementor-invisible elementor-widget elementor-widget-text-editor\" data-id=\"e33f7f1\" data-element_type=\"widget\" data-settings=\"{&quot;_animation&quot;:&quot;fadeIn&quot;,&quot;_animation_delay&quot;:300}\" data-widget_type=\"text-editor.default\">\n\t\t\t\t<div class=\"elementor-widget-container\">\n\t\t\t<style>\/*! elementor - v3.21.0 - 26-05-2024 *\/\n.elementor-widget-text-editor.elementor-drop-cap-view-stacked .elementor-drop-cap{background-color:#69727d;color:#fff}.elementor-widget-text-editor.elementor-drop-cap-view-framed .elementor-drop-cap{color:#69727d;border:3px solid;background-color:transparent}.elementor-widget-text-editor:not(.elementor-drop-cap-view-default) .elementor-drop-cap{margin-top:8px}.elementor-widget-text-editor:not(.elementor-drop-cap-view-default) .elementor-drop-cap-letter{width:1em;height:1em}.elementor-widget-text-editor .elementor-drop-cap{float:left;text-align:center;line-height:1;font-size:50px}.elementor-widget-text-editor .elementor-drop-cap-letter{display:inline-block}<\/style>\t\t\t\t<p>Donnez du caract\u00e8re \u00e0 votre jardin avec une ma\u00e7onnerie de qualit\u00e9.<\/p>\t\t\t\t\t\t<\/div>\n\t\t\t\t<\/div>\n\t\t\t\t\t<\/div>\n\t\t\t\t<\/div>\n\t\t<div class=\"elementor-element elementor-element-7c15cb6d e-grid e-con-boxed wpr-particle-no wpr-jarallax-no wpr-parallax-no wpr-sticky-section-no e-con e-parent\" data-id=\"7c15cb6d\" data-element_type=\"container\" data-settings=\"{&quot;background_background&quot;:&quot;classic&quot;}\">\n\t\t\t\t\t<div class=\"e-con-inner\">\n\t\t\t\t<div class=\"elementor-element elementor-element-627dd931 elementor-widget elementor-widget-text-editor\" data-id=\"627dd931\" data-element_type=\"widget\" data-widget_type=\"text-editor.default\">\n\t\t\t\t<div class=\"elementor-widget-container\">\n\t\t\t\t\t\t\t<p><strong><span style=\"color: #a67c52;\"><strong>L&rsquo;am\u00e9nagement ext\u00e9rieur<\/strong> <\/span><\/strong> est une sp\u00e9cialit\u00e9 de la ma\u00e7onnerie qui transforme les espaces ext\u00e9rieurs en lieux fonctionnels et esth\u00e9tiques.<\/p><p>Que ce soit pour une r\u00e9sidence priv\u00e9e ou un espace public, ces travaux n\u00e9cessitent une expertise technique combin\u00e9e \u00e0 une sensibilit\u00e9 esth\u00e9tique pour cr\u00e9er des am\u00e9nagements durables et harmonieux.<\/p><p>Les diff\u00e9rents types d\u2019am\u00e9nagements ext\u00e9rieurs<\/p><ul><li><strong>Terrasses en Dalles ou Pav\u00e9s<\/strong><\/li><li><strong>All\u00e9es et Chemins<\/strong><\/li><li><strong>Murets et Bordures<\/strong><\/li><li><strong>Escaliers Ext\u00e9rieurs<\/strong><\/li><li><strong>Rev\u00eatements de Sols Ext\u00e9rieurs<\/strong><\/li><li><strong>Murs de Sout\u00e8nement<\/strong><\/li><li><strong>Fontaines et Bassins<\/strong><\/li><\/ul>\t\t\t\t\t\t<\/div>\n\t\t\t\t<\/div>\n\t\t\t\t<div class=\"elementor-element elementor-element-30e9562e elementor-widget elementor-widget-image\" data-id=\"30e9562e\" data-element_type=\"widget\" data-widget_type=\"image.default\">\n\t\t\t\t<div class=\"elementor-widget-container\">\n\t\t\t<style>\/*! elementor - v3.21.0 - 26-05-2024 *\/\n.elementor-widget-image{text-align:center}.elementor-widget-image a{display:inline-block}.elementor-widget-image a img[src$=\".svg\"]{width:48px}.elementor-widget-image img{vertical-align:middle;display:inline-block}<\/style>\t\t\t\t\t\t\t<figure class=\"wp-caption\">\n\t\t\t\t\t\t\t\t\t\t<img fetchpriority=\"high\" decoding=\"async\" width=\"1024\" height=\"768\" src=\"https:\/\/serenite-constructions.fr\/wp-content\/uploads\/2024\/09\/1726512028921-1024x768.jpg\" class=\"attachment-large size-large wp-image-2571\" alt=\"dalle-beton-piscine-nantes\" srcset=\"https:\/\/serenite-constructions.fr\/wp-content\/uploads\/2024\/09\/1726512028921-1024x768.jpg 1024w, https:\/\/serenite-constructions.fr\/wp-content\/uploads\/2024\/09\/1726512028921-300x225.jpg 300w, https:\/\/serenite-constructions.fr\/wp-content\/uploads\/2024\/09\/1726512028921-768x576.jpg 768w, https:\/\/serenite-constructions.fr\/wp-content\/uploads\/2024\/09\/1726512028921-1536x1152.jpg 1536w, https:\/\/serenite-constructions.fr\/wp-content\/uploads\/2024\/09\/1726512028921-2048x1536.jpg 2048w\" sizes=\"(max-width: 1024px) 100vw, 1024px\" \/>\t\t\t\t\t\t\t\t\t\t\t<figcaption class=\"widget-image-caption wp-caption-text\">R\u00e9fection d'une dalle de b\u00e9ton autour d'une piscine<\/figcaption>\n\t\t\t\t\t\t\t\t\t\t<\/figure>\n\t\t\t\t\t\t\t<\/div>\n\t\t\t\t<\/div>\n\t\t\t\t\t<\/div>\n\t\t\t\t<\/div>\n\t\t<div class=\"elementor-element elementor-element-20942e8 e-grid e-con-boxed wpr-particle-no wpr-jarallax-no wpr-parallax-no wpr-sticky-section-no e-con e-parent\" data-id=\"20942e8\" data-element_type=\"container\" data-settings=\"{&quot;background_background&quot;:&quot;classic&quot;}\">\n\t\t\t\t\t<div class=\"e-con-inner\">\n\t\t\t\t<div class=\"elementor-element elementor-element-ade6c16 elementor-widget elementor-widget-image\" data-id=\"ade6c16\" data-element_type=\"widget\" data-widget_type=\"image.default\">\n\t\t\t\t<div class=\"elementor-widget-container\">\n\t\t\t\t\t\t\t\t\t\t\t\t\t<img decoding=\"async\" width=\"1024\" height=\"768\" src=\"https:\/\/serenite-constructions.fr\/wp-content\/uploads\/2024\/09\/1726512029210-1024x768.jpg\" class=\"attachment-large size-large wp-image-2574\" alt=\"construction-muret-ma\u00e7on-nantes\" srcset=\"https:\/\/serenite-constructions.fr\/wp-content\/uploads\/2024\/09\/1726512029210-1024x768.jpg 1024w, https:\/\/serenite-constructions.fr\/wp-content\/uploads\/2024\/09\/1726512029210-300x225.jpg 300w, https:\/\/serenite-constructions.fr\/wp-content\/uploads\/2024\/09\/1726512029210-768x576.jpg 768w, https:\/\/serenite-constructions.fr\/wp-content\/uploads\/2024\/09\/1726512029210-1536x1152.jpg 1536w, https:\/\/serenite-constructions.fr\/wp-content\/uploads\/2024\/09\/1726512029210-2048x1536.jpg 2048w\" sizes=\"(max-width: 1024px) 100vw, 1024px\" \/>\t\t\t\t\t\t\t\t\t\t\t\t\t<\/div>\n\t\t\t\t<\/div>\n\t\t\t\t<div class=\"elementor-element elementor-element-30fc7b2 elementor-widget elementor-widget-text-editor\" data-id=\"30fc7b2\" data-element_type=\"widget\" data-widget_type=\"text-editor.default\">\n\t\t\t\t<div class=\"elementor-widget-container\">\n\t\t\t\t\t\t\t<p>L&rsquo;am\u00e9nagement ext\u00e9rieur requiert une s\u00e9lection rigoureuse des mat\u00e9riaux pour garantir la durabilit\u00e9 face aux intemp\u00e9ries :<\/p><ul><li style=\"list-style-type: none;\"><ul><li><strong>Pierre Naturelle<\/strong><\/li><li><strong>B\u00e9ton<\/strong><\/li><li><strong>Pav\u00e9s Autobloquants<\/strong><\/li><li><strong>Brique<\/strong><\/li><li><strong>Bois Trait\u00e9<\/strong><\/li><li><strong>Gravier et Sable<\/strong><\/li><\/ul><\/li><\/ul><p><strong><span style=\"color: #a67c52;\"><strong>Processus de R\u00e9alisation des Travaux <\/strong><\/span><\/strong><\/p><ul><li><strong>Analyse du Terrain et Conception<\/strong><\/li><li><strong>Pr\u00e9paration du Terrain<\/strong> : Nivellement, drainage et compactage pour assurer une base solide.<\/li><li><strong>Mise en \u0152uvre<\/strong> : Pose des fondations, construction des structures et installation des rev\u00eatements choisis.<\/li><li><strong>Finitions et D\u00e9tail<\/strong><\/li><li><strong>V\u00e9rification et Livraison<\/strong><\/li><\/ul><ol><li style=\"list-style-type: none;\">\u00a0<\/li><\/ol>\t\t\t\t\t\t<\/div>\n\t\t\t\t<\/div>\n\t\t\t\t\t<\/div>\n\t\t\t\t<\/div>\n\t\t<div class=\"elementor-element elementor-element-1382609 e-grid e-con-boxed wpr-particle-no wpr-jarallax-no wpr-parallax-no wpr-sticky-section-no e-con e-parent\" data-id=\"1382609\" data-element_type=\"container\" data-settings=\"{&quot;background_background&quot;:&quot;classic&quot;}\">\n\t\t\t\t\t<div class=\"e-con-inner\">\n\t\t\t\t<div class=\"elementor-element elementor-element-490b1bb elementor-widget elementor-widget-text-editor\" data-id=\"490b1bb\" data-element_type=\"widget\" data-widget_type=\"text-editor.default\">\n\t\t\t\t<div class=\"elementor-widget-container\">\n\t\t\t\t\t\t\t<p><strong><span style=\"color: #a67c52;\"><strong>Avantages des Am\u00e9nagements Ext\u00e9rieurs de Qualit\u00e9<\/strong><\/span><\/strong><\/p><ul><li><span style=\"color: #000000;\"><strong>Esth\u00e9tique et Valorisation :<\/strong><\/span> Une propri\u00e9t\u00e9 bien am\u00e9nag\u00e9e ext\u00e9rieurement augmente sa valeur marchande.<\/li><li><strong>Durabilit\u00e9<\/strong> : Des mat\u00e9riaux et techniques adapt\u00e9s garantissent une longue dur\u00e9e de vie avec peu d&rsquo;entretien.<\/li><li><strong>Confort et Bien-\u00eatre<\/strong><\/li><li><strong>Respect de l\u2019Environnement<\/strong><\/li><\/ul>\t\t\t\t\t\t<\/div>\n\t\t\t\t<\/div>\n\t\t\t\t<div class=\"elementor-element elementor-element-8188edd elementor-widget elementor-widget-image\" data-id=\"8188edd\" data-element_type=\"widget\" data-widget_type=\"image.default\">\n\t\t\t\t<div class=\"elementor-widget-container\">\n\t\t\t\t\t\t\t\t\t\t<figure class=\"wp-caption\">\n\t\t\t\t\t\t\t\t\t\t<img decoding=\"async\" width=\"1024\" height=\"768\" src=\"https:\/\/serenite-constructions.fr\/wp-content\/uploads\/2024\/09\/20230303_123829-1024x768.jpg\" class=\"attachment-large size-large wp-image-1806\" alt=\"\" srcset=\"https:\/\/serenite-constructions.fr\/wp-content\/uploads\/2024\/09\/20230303_123829-1024x768.jpg 1024w, https:\/\/serenite-constructions.fr\/wp-content\/uploads\/2024\/09\/20230303_123829-300x225.jpg 300w, https:\/\/serenite-constructions.fr\/wp-content\/uploads\/2024\/09\/20230303_123829-768x576.jpg 768w, https:\/\/serenite-constructions.fr\/wp-content\/uploads\/2024\/09\/20230303_123829-1536x1152.jpg 1536w, https:\/\/serenite-constructions.fr\/wp-content\/uploads\/2024\/09\/20230303_123829-2048x1536.jpg 2048w\" sizes=\"(max-width: 1024px) 100vw, 1024px\" \/>\t\t\t\t\t\t\t\t\t\t\t<figcaption class=\"widget-image-caption wp-caption-text\">Dallage b\u00e9ton, coffrage et parterre en palis d'ardoise<\/figcaption>\n\t\t\t\t\t\t\t\t\t\t<\/figure>\n\t\t\t\t\t\t\t<\/div>\n\t\t\t\t<\/div>\n\t\t\t\t\t<\/div>\n\t\t\t\t<\/div>\n\t\t<div class=\"elementor-element elementor-element-ff5e4b4 e-flex e-con-boxed wpr-particle-no wpr-jarallax-no wpr-parallax-no wpr-sticky-section-no e-con e-parent\" data-id=\"ff5e4b4\" data-element_type=\"container\" data-settings=\"{&quot;background_background&quot;:&quot;classic&quot;}\">\n\t\t\t\t\t<div class=\"e-con-inner\">\n\t\t\t\t<div class=\"elementor-element elementor-element-a3e1fb2 elementor-widget elementor-widget-text-editor\" data-id=\"a3e1fb2\" data-element_type=\"widget\" data-widget_type=\"text-editor.default\">\n\t\t\t\t<div class=\"elementor-widget-container\">\n\t\t\t\t\t\t\t<p>L&rsquo;am\u00e9nagement ext\u00e9rieur en ma\u00e7onnerie est une activit\u00e9 exigeante mais gratifiante, offrant une am\u00e9lioration significative de l&rsquo;apparence et de la fonctionnalit\u00e9 des espaces ext\u00e9rieurs.<\/p><p>&nbsp;Qu&rsquo;il s&rsquo;agisse d&rsquo;une simple all\u00e9e ou d&rsquo;un jardin complexe, chaque projet est une opportunit\u00e9 de marier cr\u00e9ativit\u00e9, technicit\u00e9 et respect de l&rsquo;environnement pour cr\u00e9er des espaces ext\u00e9rieurs uniques et durables.<\/p>\t\t\t\t\t\t<\/div>\n\t\t\t\t<\/div>\n\t\t\t\t\t<\/div>\n\t\t\t\t<\/div>\n\t\t<div class=\"elementor-element elementor-element-42851936 e-flex e-con-boxed wpr-particle-no wpr-jarallax-no wpr-parallax-no wpr-sticky-section-no e-con e-parent\" data-id=\"42851936\" data-element_type=\"container\" data-settings=\"{&quot;background_background&quot;:&quot;classic&quot;}\">\n\t\t\t\t\t<div class=\"e-con-inner\">\n\t\t\t\t<div class=\"elementor-element elementor-element-c04bd6e elementor-widget__width-initial elementor-widget elementor-widget-text-editor\" data-id=\"c04bd6e\" data-element_type=\"widget\" data-widget_type=\"text-editor.default\">\n\t\t\t\t<div class=\"elementor-widget-container\">\n\t\t\t\t\t\t\t<p><span style=\"color: #a67c52;\"><strong>SERENITE<\/strong><\/span> <span style=\"color: #683b11;\"><strong>CONSTRUCTIONS<\/strong><\/span> intervient pr\u00e8s de chez vous!<br \/>Nantes, Cou\u00ebron, St Herblain, Sautron, Carquefou, St Etienne de Montluc, Cordemais, Savenay&#8230;<\/p>\t\t\t\t\t\t<\/div>\n\t\t\t\t<\/div>\n\t\t\t\t<div class=\"elementor-element elementor-element-77bcd87d elementor-align-center elementor-widget elementor-widget-button\" data-id=\"77bcd87d\" data-element_type=\"widget\" data-widget_type=\"button.default\">\n\t\t\t\t<div class=\"elementor-widget-container\">\n\t\t\t\t\t<div class=\"elementor-button-wrapper\">\n\t\t\t<a class=\"elementor-button elementor-button-link elementor-size-sm\" href=\"https:\/\/serenite-constructions.fr\/#contact\">\n\t\t\t\t\t\t<span class=\"elementor-button-content-wrapper\">\n\t\t\t\t\t\t\t\t\t<span class=\"elementor-button-text\">Demander un devis<\/span>\n\t\t\t\t\t<\/span>\n\t\t\t\t\t<\/a>\n\t\t<\/div>\n\t\t\t\t<\/div>\n\t\t\t\t<\/div>\n\t\t\t\t\t<\/div>\n\t\t\t\t<\/div>\n\t\t\t\t<\/div>\n\t\t","protected":false},"excerpt":{"rendered":"<p>AMENAGEMENTS EXTERIEURS Donnez du caract\u00e8re \u00e0 votre jardin avec une ma\u00e7onnerie de qualit\u00e9. L&rsquo;am\u00e9nagement ext\u00e9rieur est une sp\u00e9cialit\u00e9 de la [&hellip;]<\/p>\n","protected":false},"author":1,"featured_media":0,"parent":0,"menu_order":0,"comment_status":"closed","ping_status":"closed","template":"","meta":{"site-sidebar-layout":"no-sidebar","site-content-layout":"","ast-site-content-layout":"full-width-container","site-content-style":"default","site-sidebar-style":"default","ast-global-header-display":"","ast-banner-title-visibility":"","ast-main-header-display":"","ast-hfb-above-header-display":"","ast-hfb-below-header-display":"","ast-hfb-mobile-header-display":"","site-post-title":"disabled","ast-breadcrumbs-content":"","ast-featured-img":"disabled","footer-sml-layout":"","theme-transparent-header-meta":"","adv-header-id-meta":"","stick-header-meta":"","header-above-stick-meta":"","header-main-stick-meta":"","header-below-stick-meta":"","astra-migrate-meta-layouts":"default","ast-page-background-enabled":"default","ast-page-background-meta":{"desktop":{"background-color":"var(--ast-global-color-4)","background-image":"","background-repeat":"repeat","background-position":"center center","background-size":"auto","background-attachment":"scroll","background-type":"","background-media":"","overlay-type":"","overlay-color":"","overlay-opacity":"","overlay-gradient":""},"tablet":{"background-color":"","background-image":"","background-repeat":"repeat","background-position":"center center","background-size":"auto","background-attachment":"scroll","background-type":"","background-media":"","overlay-type":"","overlay-color":"","overlay-opacity":"","overlay-gradient":""},"mobile":{"background-color":"","background-image":"","background-repeat":"repeat","background-position":"center center","background-size":"auto","background-attachment":"scroll","background-type":"","background-media":"","overlay-type":"","overlay-color":"","overlay-opacity":"","overlay-gradient":""}},"ast-content-background-meta":{"desktop":{"background-color":"var(--ast-global-color-5)","background-image":"","background-repeat":"repeat","background-position":"center center","background-size":"auto","background-attachment":"scroll","background-type":"","background-media":"","overlay-type":"","overlay-color":"","overlay-opacity":"","overlay-gradient":""},"tablet":{"background-color":"var(--ast-global-color-5)","background-image":"","background-repeat":"repeat","background-position":"center center","background-size":"auto","background-attachment":"scroll","background-type":"","background-media":"","overlay-type":"","overlay-color":"","overlay-opacity":"","overlay-gradient":""},"mobile":{"background-color":"var(--ast-global-color-5)","background-image":"","background-repeat":"repeat","background-position":"center center","background-size":"auto","background-attachment":"scroll","background-type":"","background-media":"","overlay-type":"","overlay-color":"","overlay-opacity":"","overlay-gradient":""}},"footnotes":""},"class_list":["post-141","page","type-page","status-publish","hentry"],"yoast_head":"<!-- This site is optimized with the Yoast SEO plugin v23.4 - https:\/\/yoast.com\/wordpress\/plugins\/seo\/ -->\n<title>Ma\u00e7on \u00e0 Nantes - Am\u00e9nagements ext\u00e9rieur - Terrassement<\/title>\n<meta name=\"description\" content=\"Sp\u00e9cialistes en travaux de ma\u00e7onnerie \u00e0 Nantes, nous cr\u00e9ons des espaces ext\u00e9rieurs fonctionnels et esth\u00e9tiques, qu\u2019il s\u2019agisse de la construction de terrasses, de la pose de cl\u00f4tures, ou de la cr\u00e9ation d\u2019all\u00e9es .\" \/>\n<meta name=\"robots\" content=\"index, follow, max-snippet:-1, max-image-preview:large, max-video-preview:-1\" \/>\n<link rel=\"canonical\" href=\"https:\/\/serenite-constructions.fr\/?page_id=141\" \/>\n<meta property=\"og:locale\" content=\"fr_FR\" \/>\n<meta property=\"og:type\" content=\"article\" \/>\n<meta property=\"og:title\" content=\"Ma\u00e7on \u00e0 Nantes - Am\u00e9nagements ext\u00e9rieur - Terrassement\" \/>\n<meta property=\"og:description\" content=\"Sp\u00e9cialistes en travaux de ma\u00e7onnerie \u00e0 Nantes, nous cr\u00e9ons des espaces ext\u00e9rieurs fonctionnels et esth\u00e9tiques, qu\u2019il s\u2019agisse de la construction de terrasses, de la pose de cl\u00f4tures, ou de la cr\u00e9ation d\u2019all\u00e9es .\" \/>\n<meta property=\"og:url\" content=\"https:\/\/serenite-constructions.fr\/?page_id=141\" \/>\n<meta property=\"og:site_name\" content=\"serenite-constructions\" \/>\n<meta property=\"article:modified_time\" content=\"2024-10-03T08:16:33+00:00\" \/>\n<meta property=\"og:image\" content=\"https:\/\/serenite-constructions.fr\/wp-content\/uploads\/2024\/09\/1726512028921-1024x768.jpg\" \/>\n<meta name=\"twitter:card\" content=\"summary_large_image\" \/>\n<meta name=\"twitter:label1\" content=\"Dur\u00e9e de lecture estim\u00e9e\" \/>\n\t<meta name=\"twitter:data1\" content=\"3 minutes\" \/>\n<script type=\"application\/ld+json\" class=\"yoast-schema-graph\">{\"@context\":\"https:\/\/schema.org\",\"@graph\":[{\"@type\":\"WebPage\",\"@id\":\"https:\/\/serenite-constructions.fr\/?page_id=141\",\"url\":\"https:\/\/serenite-constructions.fr\/?page_id=141\",\"name\":\"Ma\u00e7on \u00e0 Nantes - Am\u00e9nagements ext\u00e9rieur - Terrassement\",\"isPartOf\":{\"@id\":\"https:\/\/serenite-constructions.fr\/#website\"},\"primaryImageOfPage\":{\"@id\":\"https:\/\/serenite-constructions.fr\/?page_id=141#primaryimage\"},\"image\":{\"@id\":\"https:\/\/serenite-constructions.fr\/?page_id=141#primaryimage\"},\"thumbnailUrl\":\"https:\/\/serenite-constructions.fr\/wp-content\/uploads\/2024\/09\/1726512028921-1024x768.jpg\",\"datePublished\":\"2024-05-30T11:14:12+00:00\",\"dateModified\":\"2024-10-03T08:16:33+00:00\",\"description\":\"Sp\u00e9cialistes en travaux de ma\u00e7onnerie \u00e0 Nantes, nous cr\u00e9ons des espaces ext\u00e9rieurs fonctionnels et esth\u00e9tiques, qu\u2019il s\u2019agisse de la construction de terrasses, de la pose de cl\u00f4tures, ou de la cr\u00e9ation d\u2019all\u00e9es .\",\"breadcrumb\":{\"@id\":\"https:\/\/serenite-constructions.fr\/?page_id=141#breadcrumb\"},\"inLanguage\":\"fr-FR\",\"potentialAction\":[{\"@type\":\"ReadAction\",\"target\":[\"https:\/\/serenite-constructions.fr\/?page_id=141\"]}]},{\"@type\":\"ImageObject\",\"inLanguage\":\"fr-FR\",\"@id\":\"https:\/\/serenite-constructions.fr\/?page_id=141#primaryimage\",\"url\":\"https:\/\/serenite-constructions.fr\/wp-content\/uploads\/2024\/09\/1726512028921-scaled.jpg\",\"contentUrl\":\"https:\/\/serenite-constructions.fr\/wp-content\/uploads\/2024\/09\/1726512028921-scaled.jpg\",\"width\":2560,\"height\":1920,\"caption\":\"dalle-beton-piscine-nantes\"},{\"@type\":\"BreadcrumbList\",\"@id\":\"https:\/\/serenite-constructions.fr\/?page_id=141#breadcrumb\",\"itemListElement\":[{\"@type\":\"ListItem\",\"position\":1,\"name\":\"Accueil\",\"item\":\"https:\/\/serenite-constructions.fr\/\"},{\"@type\":\"ListItem\",\"position\":2,\"name\":\"AMENAGEMENTS EXTERIEURS\"}]},{\"@type\":\"WebSite\",\"@id\":\"https:\/\/serenite-constructions.fr\/#website\",\"url\":\"https:\/\/serenite-constructions.fr\/\",\"name\":\"serenite-constructions\",\"description\":\"\",\"potentialAction\":[{\"@type\":\"SearchAction\",\"target\":{\"@type\":\"EntryPoint\",\"urlTemplate\":\"https:\/\/serenite-constructions.fr\/?s={search_term_string}\"},\"query-input\":{\"@type\":\"PropertyValueSpecification\",\"valueRequired\":true,\"valueName\":\"search_term_string\"}}],\"inLanguage\":\"fr-FR\"}]}<\/script>\n<!-- \/ Yoast SEO plugin. -->","yoast_head_json":{"title":"Ma\u00e7on \u00e0 Nantes - Am\u00e9nagements ext\u00e9rieur - Terrassement","description":"Sp\u00e9cialistes en travaux de ma\u00e7onnerie \u00e0 Nantes, nous cr\u00e9ons des espaces ext\u00e9rieurs fonctionnels et esth\u00e9tiques, qu\u2019il s\u2019agisse de la construction de terrasses, de la pose de cl\u00f4tures, ou de la cr\u00e9ation d\u2019all\u00e9es .","robots":{"index":"index","follow":"follow","max-snippet":"max-snippet:-1","max-image-preview":"max-image-preview:large","max-video-preview":"max-video-preview:-1"},"canonical":"https:\/\/serenite-constructions.fr\/?page_id=141","og_locale":"fr_FR","og_type":"article","og_title":"Ma\u00e7on \u00e0 Nantes - Am\u00e9nagements ext\u00e9rieur - Terrassement","og_description":"Sp\u00e9cialistes en travaux de ma\u00e7onnerie \u00e0 Nantes, nous cr\u00e9ons des espaces ext\u00e9rieurs fonctionnels et esth\u00e9tiques, qu\u2019il s\u2019agisse de la construction de terrasses, de la pose de cl\u00f4tures, ou de la cr\u00e9ation d\u2019all\u00e9es .","og_url":"https:\/\/serenite-constructions.fr\/?page_id=141","og_site_name":"serenite-constructions","article_modified_time":"2024-10-03T08:16:33+00:00","og_image":[{"url":"https:\/\/serenite-constructions.fr\/wp-content\/uploads\/2024\/09\/1726512028921-1024x768.jpg"}],"twitter_card":"summary_large_image","twitter_misc":{"Dur\u00e9e de lecture estim\u00e9e":"3 minutes"},"schema":{"@context":"https:\/\/schema.org","@graph":[{"@type":"WebPage","@id":"https:\/\/serenite-constructions.fr\/?page_id=141","url":"https:\/\/serenite-constructions.fr\/?page_id=141","name":"Ma\u00e7on \u00e0 Nantes - Am\u00e9nagements ext\u00e9rieur - Terrassement","isPartOf":{"@id":"https:\/\/serenite-constructions.fr\/#website"},"primaryImageOfPage":{"@id":"https:\/\/serenite-constructions.fr\/?page_id=141#primaryimage"},"image":{"@id":"https:\/\/serenite-constructions.fr\/?page_id=141#primaryimage"},"thumbnailUrl":"https:\/\/serenite-constructions.fr\/wp-content\/uploads\/2024\/09\/1726512028921-1024x768.jpg","datePublished":"2024-05-30T11:14:12+00:00","dateModified":"2024-10-03T08:16:33+00:00","description":"Sp\u00e9cialistes en travaux de ma\u00e7onnerie \u00e0 Nantes, nous cr\u00e9ons des espaces ext\u00e9rieurs fonctionnels et esth\u00e9tiques, qu\u2019il s\u2019agisse de la construction de terrasses, de la pose de cl\u00f4tures, ou de la cr\u00e9ation d\u2019all\u00e9es .","breadcrumb":{"@id":"https:\/\/serenite-constructions.fr\/?page_id=141#breadcrumb"},"inLanguage":"fr-FR","potentialAction":[{"@type":"ReadAction","target":["https:\/\/serenite-constructions.fr\/?page_id=141"]}]},{"@type":"ImageObject","inLanguage":"fr-FR","@id":"https:\/\/serenite-constructions.fr\/?page_id=141#primaryimage","url":"https:\/\/serenite-constructions.fr\/wp-content\/uploads\/2024\/09\/1726512028921-scaled.jpg","contentUrl":"https:\/\/serenite-constructions.fr\/wp-content\/uploads\/2024\/09\/1726512028921-scaled.jpg","width":2560,"height":1920,"caption":"dalle-beton-piscine-nantes"},{"@type":"BreadcrumbList","@id":"https:\/\/serenite-constructions.fr\/?page_id=141#breadcrumb","itemListElement":[{"@type":"ListItem","position":1,"name":"Accueil","item":"https:\/\/serenite-constructions.fr\/"},{"@type":"ListItem","position":2,"name":"AMENAGEMENTS EXTERIEURS"}]},{"@type":"WebSite","@id":"https:\/\/serenite-constructions.fr\/#website","url":"https:\/\/serenite-constructions.fr\/","name":"serenite-constructions","description":"","potentialAction":[{"@type":"SearchAction","target":{"@type":"EntryPoint","urlTemplate":"https:\/\/serenite-constructions.fr\/?s={search_term_string}"},"query-input":{"@type":"PropertyValueSpecification","valueRequired":true,"valueName":"search_term_string"}}],"inLanguage":"fr-FR"}]}},"_links":{"self":[{"href":"https:\/\/serenite-constructions.fr\/index.php?rest_route=\/wp\/v2\/pages\/141","targetHints":{"allow":["GET"]}}],"collection":[{"href":"https:\/\/serenite-constructions.fr\/index.php?rest_route=\/wp\/v2\/pages"}],"about":[{"href":"https:\/\/serenite-constructions.fr\/index.php?rest_route=\/wp\/v2\/types\/page"}],"author":[{"embeddable":true,"href":"https:\/\/serenite-constructions.fr\/index.php?rest_route=\/wp\/v2\/users\/1"}],"replies":[{"embeddable":true,"href":"https:\/\/serenite-constructions.fr\/index.php?rest_route=%2Fwp%2Fv2%2Fcomments&post=141"}],"version-history":[{"count":176,"href":"https:\/\/serenite-constructions.fr\/index.php?rest_route=\/wp\/v2\/pages\/141\/revisions"}],"predecessor-version":[{"id":2616,"href":"https:\/\/serenite-constructions.fr\/index.php?rest_route=\/wp\/v2\/pages\/141\/revisions\/2616"}],"wp:attachment":[{"href":"https:\/\/serenite-constructions.fr\/index.php?rest_route=%2Fwp%2Fv2%2Fmedia&parent=141"}],"curies":[{"name":"wp","href":"https:\/\/api.w.org\/{rel}","templated":true}]}}